{"id":1451,"date":"2025-04-14T22:10:16","date_gmt":"2025-04-15T01:10:16","guid":{"rendered":"https:\/\/ahtdecor.net.br\/?post_type=product&#038;p=1451"},"modified":"2025-04-18T13:51:08","modified_gmt":"2025-04-18T16:51:08","slug":"agua-para-lencois","status":"publish","type":"product","link":"https:\/\/ahtdecor.net.br\/index.php\/product\/agua-para-lencois\/","title":{"rendered":"\u00c1gua para Len\u00e7\u00f3is &#8211; 250ml &#8211; Ess\u00eancia: Flor de Algod\u00e3o, Bamboo Dreams, Flor de Cerejeira, White Jasmim, Ch\u00e1 Branco, Blue Ocean"},"content":{"rendered":"<p>Para que serve: \u00e9 a solu\u00e7\u00e3o perfeita para revigorar sua cama, proporcionando uma sensa\u00e7\u00e3o de frescor e bem-estar, neutraliza odores e traz mais aconchego quando voc\u00ea se deita sobre os len\u00e7\u00f3is rec\u00e9m borrifados na hora de dormir.<\/p>\n<p>Como usar: foi desenvolvida para renovar as roupas de cama, deixando-as delicadamente perfumadas e com a sensa\u00e7\u00e3o deliciosa de cama limpa. Ideal para ser usada em len\u00e7\u00f3is, colchas, edredons, mantas, tapetes, almofadas, travesseiros, toalhas, cortinas, sof\u00e1s e poltronas.<\/p>\n<p>Borrife uniformemente a cerca de 30 cm de dist\u00e2ncia da pe\u00e7a, permitindo que a n\u00e9voa perfumada se espalhe de maneira homog\u00eanea.<br \/>\nN\u00e3o se preocupe com a umidade, pois a f\u00f3rmula vol\u00e1til da \u00e1gua para len\u00e7\u00f3is garante que ele evapore rapidamente, deixando um perfume suave e agrad\u00e1vel.<br \/>\nPara tecidos delicados ou cores claras, recomendamos fazer um teste em uma pequena \u00e1rea antes de aplicar.<\/p>\n<p>Composi\u00e7\u00e3o: \u00c1lcool de cerais e ess\u00eancia hidrossol\u00favel.<\/p>\n<p>Ess\u00eancias:<\/p>\n<p>Flor de Algod\u00e3o: possui um intenso toque floral c\u00edtrico que transmite frescor e energia ao ambiente. Sua fragr\u00e2ncia suave e envolvente harmoniza muito bem com ambientes de circula\u00e7\u00e3o, como hall de entrada e corredores, ou locais que necessitam de um aroma mais neutro.<\/p>\n<p>Bamboo Dreams: tudo o que voc\u00ea sonhou em uma \u00fanica ess\u00eancia. A tradicional nota herbal do Bamboo com toque mais acentuado florado, oriental, bals\u00e2mico e levemente amadeirado.<\/p>\n<p>Flor de cerejeira: possui notas florais adocicadas que remetem ao romantismo e a do\u00e7ura, sem perder a atualidade com um toque moderno de sofistica\u00e7\u00e3o feminina.<\/p>\n<p>White Jasmim: fragr\u00e2ncia suave e envolvente cria uma atmosfera acolhedora, delicada e perfumada, trazendo a frescura e a eleg\u00e2ncia das flores de jasmim diretamente para o seu espa\u00e7o.<\/p>\n<p>Ch\u00e1 Branco: suave com tons florais levemente frutadas, conduz ao bem estar, tranquilidade e paz interior.<\/p>\n<p>Blue Ocean: Aroma surpreendente, fresco e envolvente que remete \u00e0 sensa\u00e7\u00e3o de limpeza, claridade e aconchego com notas marinhas levemente floradas e frutadas. Traz amplitude, grandeza, como mergulhar na imensid\u00e3o do mar e perceber como a natureza \u00e9 grandiosa e que voc\u00ea faz parte dela.<\/p>\n<p>Material:<\/p>\n<p>Frasco Pet Cristal &#8211; 250 ml.<\/p>\n<p>Com v\u00e1lvula mini gatilho.<\/p>\n<p>Dimens\u00f5es aproximadas do produto: 5x5x20 cm.<\/p>\n<p><strong>Obs: N\u00e3o acompanha a decora\u00e7\u00e3o (Cen\u00e1rio).<\/strong><\/p>\n","protected":false},"excerpt":{"rendered":"<p>Feito com amor e carinho especialmente para voc\u00ea!<\/p>\n","protected":false},"featured_media":1672,"comment_status":"open","ping_status":"closed","template":"","meta":{"site-sidebar-layout":"default","site-content-layout":"","ast-site-content-layout":"default","site-content-style":"default","site-sidebar-style":"default","ast-global-header-display":"","ast-banner-title-visibility":"","ast-main-header-display":"","ast-hfb-above-header-display":"","ast-hfb-below-header-display":"","ast-hfb-mobile-header-display":"","site-post-title":"","ast-breadcrumbs-content":"","ast-featured-img":"","footer-sml-layout":"","theme-transparent-header-meta":"default","adv-header-id-meta":"","stick-header-meta":"","header-above-stick-meta":"","header-main-stick-meta":"","header-below-stick-meta":"","astra-migrate-meta-layouts":"set","ast-page-background-enabled":"default","ast-page-background-meta":{"desktop":{"background-color":"var(--ast-global-color-4)","background-image":"","background-repeat":"repeat","background-position":"center center","background-size":"auto","background-attachment":"scroll","background-type":"","background-media":"","overlay-type":"","overlay-color":"","overlay-opacity":"","overlay-gradient":""},"tablet":{"background-color":"","background-image":"","background-repeat":"repeat","background-position":"center center","background-size":"auto","background-attachment":"scroll","background-type":"","background-media":"","overlay-type":"","overlay-color":"","overlay-opacity":"","overlay-gradient":""},"mobile":{"background-color":"","background-image":"","background-repeat":"repeat","background-position":"center center","background-size":"auto","background-attachment":"scroll","background-type":"","background-media":"","overlay-type":"","overlay-color":"","overlay-opacity":"","overlay-gradient":""}},"ast-content-background-meta":{"desktop":{"background-color":"var(--ast-global-color-5)","background-image":"","background-repeat":"repeat","background-position":"center center","background-size":"auto","background-attachment":"scroll","background-type":"","background-media":"","overlay-type":"","overlay-color":"","overlay-opacity":"","overlay-gradient":""},"tablet":{"background-color":"var(--ast-global-color-5)","background-image":"","background-repeat":"repeat","background-position":"center center","background-size":"auto","background-attachment":"scroll","background-type":"","background-media":"","overlay-type":"","overlay-color":"","overlay-opacity":"","overlay-gradient":""},"mobile":{"background-color":"var(--ast-global-color-5)","background-image":"","background-repeat":"repeat","background-position":"center center","background-size":"auto","background-attachment":"scroll","background-type":"","background-media":"","overlay-type":"","overlay-color":"","overlay-opacity":"","overlay-gradient":""}}},"product_brand":[],"product_cat":[80],"product_tag":[81],"class_list":{"0":"post-1451","1":"product","2":"type-product","3":"status-publish","4":"has-post-thumbnail","6":"product_cat-agua-para-lencois","7":"product_tag-agua-para-lencois","8":"product_shipping_class-pacote-fragil","9":"desktop-align-left","10":"tablet-align-left","11":"mobile-align-left","13":"first","14":"instock","15":"featured","16":"shipping-taxable","17":"purchasable","18":"product-type-variable"},"jetpack_sharing_enabled":true,"_links":{"self":[{"href":"https:\/\/ahtdecor.net.br\/index.php\/wp-json\/wp\/v2\/product\/1451","targetHints":{"allow":["GET"]}}],"collection":[{"href":"https:\/\/ahtdecor.net.br\/index.php\/wp-json\/wp\/v2\/product"}],"about":[{"href":"https:\/\/ahtdecor.net.br\/index.php\/wp-json\/wp\/v2\/types\/product"}],"replies":[{"embeddable":true,"href":"https:\/\/ahtdecor.net.br\/index.php\/wp-json\/wp\/v2\/comments?post=1451"}],"version-history":[{"count":5,"href":"https:\/\/ahtdecor.net.br\/index.php\/wp-json\/wp\/v2\/product\/1451\/revisions"}],"predecessor-version":[{"id":1682,"href":"https:\/\/ahtdecor.net.br\/index.php\/wp-json\/wp\/v2\/product\/1451\/revisions\/1682"}],"wp:featuredmedia":[{"embeddable":true,"href":"https:\/\/ahtdecor.net.br\/index.php\/wp-json\/wp\/v2\/media\/1672"}],"wp:attachment":[{"href":"https:\/\/ahtdecor.net.br\/index.php\/wp-json\/wp\/v2\/media?parent=1451"}],"wp:term":[{"taxonomy":"product_brand","embeddable":true,"href":"https:\/\/ahtdecor.net.br\/index.php\/wp-json\/wp\/v2\/product_brand?post=1451"},{"taxonomy":"product_cat","embeddable":true,"href":"https:\/\/ahtdecor.net.br\/index.php\/wp-json\/wp\/v2\/product_cat?post=1451"},{"taxonomy":"product_tag","embeddable":true,"href":"https:\/\/ahtdecor.net.br\/index.php\/wp-json\/wp\/v2\/product_tag?post=1451"}],"curies":[{"name":"wp","href":"https:\/\/api.w.org\/{rel}","templated":true}]}}