{"id":1482,"date":"2025-04-15T11:00:26","date_gmt":"2025-04-15T14:00:26","guid":{"rendered":"https:\/\/ahtdecor.net.br\/?post_type=product&#038;p=1482"},"modified":"2025-04-23T10:16:09","modified_gmt":"2025-04-23T13:16:09","slug":"vela-aromatica-100g-essencia-morango-silvestre-pina-colada-pitanga-negra","status":"publish","type":"product","link":"https:\/\/ahtdecor.net.br\/index.php\/product\/vela-aromatica-100g-essencia-morango-silvestre-pina-colada-pitanga-negra\/","title":{"rendered":"Vela Arom\u00e1tica &#8211; 100g &#8211; Ess\u00eancias: Morango Silvestre, Pina Colada, Pitanga Negra"},"content":{"rendered":"<p><strong>Vela Arom\u00e1tica <span style=\"font-size: 16px;\">100 Gramas<\/span><span style=\"font-size: 16px;\">:<\/span><\/strong><\/p>\n<p>Feita com cera de coco, ess\u00eancia lipossol\u00favel e pavio de madeira.<\/p>\n<p>Ess\u00eancias:<\/p>\n<p>Morango Silvestre: um perfume doce e levemente c\u00edtrico que te levar\u00e1 a um mundo de magia, pois o morango \u00e9 sem d\u00favida um dos maiores impulsionadores de fantasias, desde nossa inf\u00e2ncia at\u00e9 nossa vida adulta.<\/p>\n<p>Pina Colada: abre com uma explos\u00e3o vibrante e refrescante de frutas vermelhas e abacaxi, evocando imediatamente a sensa\u00e7\u00e3o de um coquetel tropical ex\u00f3tico.<\/p>\n<p>Pitanga Negra: levemente c\u00edtrico e abundantemente fresco este aroma favorece a seguran\u00e7a, a sa\u00fade mental e o bom humor.<\/p>\n<p>Por ser feita com cera de coco e sendo um produto artesanal, pode sofrer altera\u00e7\u00e3o de cor e apresentar pequenas retra\u00e7\u00f5es ou estrias.<\/p>\n<p>Recipiente vidro (long neck):<\/p>\n<p>Objetivo: Reduzir o impacto ambiental aumentando a reciclabilidade e reutiliza\u00e7\u00e3o das garrafas long neck.<\/p>\n<p>Medidas aproximadas:<\/p>\n<p>Largura: 7 cm<br \/>\nAltura: 12 cm<br \/>\nDi\u00e2metro: 7 cm<\/p>\n<p>Dura\u00e7\u00e3o da vela: aproximadamente 30 horas de queima.<\/p>\n<p>Aroma: A fragr\u00e2ncia suave do ch\u00e1 branco pode ter propriedades relaxantes, ajudando a criar uma atmosfera tranquila e calma no ambiente e pode contribuir para a redu\u00e7\u00e3o do estresse e da ansiedade.<\/p>\n<p><strong>Cuidados com a Vela:<\/strong><\/p>\n<p>Acenda sua vela em uma superf\u00edcie r\u00edgida e plana.<\/p>\n<p>N\u00e3o mantenha sua vela acesa por mais de 3 horas seguidas.<\/p>\n<p>N\u00e3o deixe sua vela acesa quando se ausentar do ambiente por mais de 2 horas.<\/p>\n<p>Ao acender sua vela, deixe-a queimar por no m\u00ednimo 30 minutos at\u00e9 que forme uma &#8221;piscina&#8221; em sua borda, isso far\u00e1 com que seu aroma seja liberado mis intensamente.<\/p>\n<p><strong>Aten\u00e7\u00e3o<\/strong>:<\/p>\n<p>N\u00e3o queime sua vela sem supervis\u00e3o de um adulto ou perto de cortinas, crian\u00e7as e animal de estima\u00e7\u00e3o. N\u00e3o toque na cera ou no recipiente enquanto estiver acesa.<\/p>\n<p>Mantenha fora do alcance da luz solar. Descarte quando restar 5mm de cera no recipiente.<\/p>\n<p><strong>Obs: N\u00e3o acompanha a decora\u00e7\u00e3o (Cen\u00e1rio).<\/strong><\/p>\n<p>&nbsp;<\/p>\n","protected":false},"excerpt":{"rendered":"<p>Produto artesanal feito com muito amor e carinho especialmente para voc\u00ea!<\/p>\n","protected":false},"featured_media":1493,"comment_status":"open","ping_status":"closed","template":"","meta":{"site-sidebar-layout":"default","site-content-layout":"default","ast-site-content-layout":"default","site-content-style":"default","site-sidebar-style":"default","ast-global-header-display":"","ast-banner-title-visibility":"","ast-main-header-display":"","ast-hfb-above-header-display":"","ast-hfb-below-header-display":"","ast-hfb-mobile-header-display":"","site-post-title":"","ast-breadcrumbs-content":"","ast-featured-img":"","footer-sml-layout":"","theme-transparent-header-meta":"default","adv-header-id-meta":"","stick-header-meta":"","header-above-stick-meta":"","header-main-stick-meta":"","header-below-stick-meta":"","astra-migrate-meta-layouts":"set","ast-page-background-enabled":"default","ast-page-background-meta":{"desktop":{"background-color":"var(--ast-global-color-4)","background-image":"","background-repeat":"repeat","background-position":"center center","background-size":"auto","background-attachment":"scroll","background-type":"","background-media":"","overlay-type":"","overlay-color":"","overlay-opacity":"","overlay-gradient":""},"tablet":{"background-color":"","background-image":"","background-repeat":"repeat","background-position":"center center","background-size":"auto","background-attachment":"scroll","background-type":"","background-media":"","overlay-type":"","overlay-color":"","overlay-opacity":"","overlay-gradient":""},"mobile":{"background-color":"","background-image":"","background-repeat":"repeat","background-position":"center center","background-size":"auto","background-attachment":"scroll","background-type":"","background-media":"","overlay-type":"","overlay-color":"","overlay-opacity":"","overlay-gradient":""}},"ast-content-background-meta":{"desktop":{"background-color":"var(--ast-global-color-5)","background-image":"","background-repeat":"repeat","background-position":"center center","background-size":"auto","background-attachment":"scroll","background-type":"","background-media":"","overlay-type":"","overlay-color":"","overlay-opacity":"","overlay-gradient":""},"tablet":{"background-color":"var(--ast-global-color-5)","background-image":"","background-repeat":"repeat","background-position":"center center","background-size":"auto","background-attachment":"scroll","background-type":"","background-media":"","overlay-type":"","overlay-color":"","overlay-opacity":"","overlay-gradient":""},"mobile":{"background-color":"var(--ast-global-color-5)","background-image":"","background-repeat":"repeat","background-position":"center center","background-size":"auto","background-attachment":"scroll","background-type":"","background-media":"","overlay-type":"","overlay-color":"","overlay-opacity":"","overlay-gradient":""}}},"product_brand":[],"product_cat":[76],"product_tag":[70,72,73,78,71],"class_list":{"0":"post-1482","1":"product","2":"type-product","3":"status-publish","4":"has-post-thumbnail","6":"product_cat-velas-aromaticas","7":"product_tag-aromaticas","8":"product_tag-aromatizador","9":"product_tag-aromatizadores","10":"product_tag-velas-aromaticas","11":"product_tag-velasdecorativas","12":"product_shipping_class-pacote-fragil","13":"desktop-align-left","14":"tablet-align-left","15":"mobile-align-left","17":"first","18":"instock","19":"featured","20":"shipping-taxable","21":"purchasable","22":"product-type-variable"},"jetpack_sharing_enabled":true,"_links":{"self":[{"href":"https:\/\/ahtdecor.net.br\/index.php\/wp-json\/wp\/v2\/product\/1482","targetHints":{"allow":["GET"]}}],"collection":[{"href":"https:\/\/ahtdecor.net.br\/index.php\/wp-json\/wp\/v2\/product"}],"about":[{"href":"https:\/\/ahtdecor.net.br\/index.php\/wp-json\/wp\/v2\/types\/product"}],"replies":[{"embeddable":true,"href":"https:\/\/ahtdecor.net.br\/index.php\/wp-json\/wp\/v2\/comments?post=1482"}],"version-history":[{"count":8,"href":"https:\/\/ahtdecor.net.br\/index.php\/wp-json\/wp\/v2\/product\/1482\/revisions"}],"predecessor-version":[{"id":1691,"href":"https:\/\/ahtdecor.net.br\/index.php\/wp-json\/wp\/v2\/product\/1482\/revisions\/1691"}],"wp:featuredmedia":[{"embeddable":true,"href":"https:\/\/ahtdecor.net.br\/index.php\/wp-json\/wp\/v2\/media\/1493"}],"wp:attachment":[{"href":"https:\/\/ahtdecor.net.br\/index.php\/wp-json\/wp\/v2\/media?parent=1482"}],"wp:term":[{"taxonomy":"product_brand","embeddable":true,"href":"https:\/\/ahtdecor.net.br\/index.php\/wp-json\/wp\/v2\/product_brand?post=1482"},{"taxonomy":"product_cat","embeddable":true,"href":"https:\/\/ahtdecor.net.br\/index.php\/wp-json\/wp\/v2\/product_cat?post=1482"},{"taxonomy":"product_tag","embeddable":true,"href":"https:\/\/ahtdecor.net.br\/index.php\/wp-json\/wp\/v2\/product_tag?post=1482"}],"curies":[{"name":"wp","href":"https:\/\/api.w.org\/{rel}","templated":true}]}}