{"id":1492,"date":"2025-04-15T14:01:32","date_gmt":"2025-04-15T17:01:32","guid":{"rendered":"https:\/\/ahtdecor.net.br\/?post_type=product&#038;p=1492"},"modified":"2025-04-23T10:15:09","modified_gmt":"2025-04-23T13:15:09","slug":"vela-aromatica-100g-essencia-bamboo-mm-cha-branco-flor-de-cerejeira","status":"publish","type":"product","link":"https:\/\/ahtdecor.net.br\/index.php\/product\/vela-aromatica-100g-essencia-bamboo-mm-cha-branco-flor-de-cerejeira\/","title":{"rendered":"Vela Arom\u00e1tica &#8211; 100g &#8211; Ess\u00eancias: Bamboo MM, Ch\u00e1 Branco, Flor de Cerejeira"},"content":{"rendered":"<p><strong>Vela Arom\u00e1tica <span style=\"font-size: 16px;\">100 Gramas<\/span><span style=\"font-size: 16px;\">:<\/span><\/strong><\/p>\n<p>Feita com cera de coco, ess\u00eancia lipossol\u00favel e pavio de madeira.<\/p>\n<p>Ess\u00eancias:<\/p>\n<p>Bamboo MM: \u00e9 uma fragr\u00e2ncia floral arom\u00e1tica que exala frescor e sofistica\u00e7\u00e3o, proporcionando uma experi\u00eancia olfativa envolvente e equilibrada. Com sua combina\u00e7\u00e3o delicada de notas florais e amadeiradas, essa ess\u00eancia \u00e9 perfeita para criar ambientes que irradiam tranquilidade e charme.<\/p>\n<p>Ch\u00e1 Branco: nota suave com tons florais levemente frutadas, conduz ao bem estar, tranquilidade e paz interior.\u00a0 Trata-se de um floral com notas de cabe\u00e7a em Lima, Laranja e Ch\u00e1 Branco, notas de corpo em Violeta, Jasmim e L\u00edrio do Vale, fixa\u00e7\u00e3o por Musk.<\/p>\n<p>Flor de Cerejeira: une a do\u00e7ura suculenta das cerejas, a eleg\u00e2ncia floral do jasmim e a suavidade cremosa da baunilha com um toque efervescente de champagne. O resultado \u00e9 um aroma encantador e sofisticado, evocando um jardim radiante e uma celebra\u00e7\u00e3o festiva.<\/p>\n<p>Por ser feita com cera de coco e sendo um produto artesanal, pode sofrer altera\u00e7\u00e3o de cor e apresentar pequenas retra\u00e7\u00f5es ou estrias.<\/p>\n<p>Recipiente vidro (long neck):<\/p>\n<p>Objetivo: Reduzir o impacto ambiental aumentando a reciclabilidade e reutiliza\u00e7\u00e3o das garrafas long neck.<\/p>\n<p>Medidas aproximadas:<\/p>\n<p>Largura: 7 cm<br \/>\nAltura: 12 cm<br \/>\nDi\u00e2metro: 7 cm<\/p>\n<p>Dura\u00e7\u00e3o da vela: aproximadamente 30 horas de queima.<\/p>\n<p>Aroma: A fragr\u00e2ncia suave do ch\u00e1 branco pode ter propriedades relaxantes, ajudando a criar uma atmosfera tranquila e calma no ambiente e pode contribuir para a redu\u00e7\u00e3o do estresse e da ansiedade.<\/p>\n<p><strong>Cuidados com a Vela:<\/strong><\/p>\n<p>Acenda sua vela em uma superf\u00edcie r\u00edgida e plana.<\/p>\n<p>N\u00e3o mantenha sua vela acesa por mais de 3 horas seguidas.<\/p>\n<p>N\u00e3o deixe sua vela acesa quando se ausentar do ambiente por mais de 2 horas.<\/p>\n<p>Ao acender sua vela, deixe-a queimar por no m\u00ednimo 30 minutos at\u00e9 que forme uma &#8221;piscina&#8221; em sua borda, isso far\u00e1 com que seu aroma seja liberado mis intensamente.<\/p>\n<p><strong>Aten\u00e7\u00e3o<\/strong>:<\/p>\n<p>N\u00e3o queime sua vela sem supervis\u00e3o de um adulto ou perto de cortinas, crian\u00e7as e animal de estima\u00e7\u00e3o. N\u00e3o toque na cera ou no recipiente enquanto estiver acesa.<\/p>\n<p>Mantenha fora do alcance da luz solar. Descarte quando restar 5mm de cera no recipiente.<\/p>\n<p><strong>Obs: N\u00e3o acompanha a decora\u00e7\u00e3o (Cen\u00e1rio).<\/strong><\/p>\n","protected":false},"excerpt":{"rendered":"<p>Produto artesanal feito com muito amor e carinho especialmente para voc\u00ea!<\/p>\n","protected":false},"featured_media":1507,"comment_status":"open","ping_status":"closed","template":"","meta":{"site-sidebar-layout":"default","site-content-layout":"default","ast-site-content-layout":"default","site-content-style":"default","site-sidebar-style":"default","ast-global-header-display":"","ast-banner-title-visibility":"","ast-main-header-display":"","ast-hfb-above-header-display":"","ast-hfb-below-header-display":"","ast-hfb-mobile-header-display":"","site-post-title":"","ast-breadcrumbs-content":"","ast-featured-img":"","footer-sml-layout":"","theme-transparent-header-meta":"default","adv-header-id-meta":"","stick-header-meta":"","header-above-stick-meta":"","header-main-stick-meta":"","header-below-stick-meta":"","astra-migrate-meta-layouts":"set","ast-page-background-enabled":"default","ast-page-background-meta":{"desktop":{"background-color":"var(--ast-global-color-4)","background-image":"","background-repeat":"repeat","background-position":"center center","background-size":"auto","background-attachment":"scroll","background-type":"","background-media":"","overlay-type":"","overlay-color":"","overlay-opacity":"","overlay-gradient":""},"tablet":{"background-color":"","background-image":"","background-repeat":"repeat","background-position":"center center","background-size":"auto","background-attachment":"scroll","background-type":"","background-media":"","overlay-type":"","overlay-color":"","overlay-opacity":"","overlay-gradient":""},"mobile":{"background-color":"","background-image":"","background-repeat":"repeat","background-position":"center center","background-size":"auto","background-attachment":"scroll","background-type":"","background-media":"","overlay-type":"","overlay-color":"","overlay-opacity":"","overlay-gradient":""}},"ast-content-background-meta":{"desktop":{"background-color":"var(--ast-global-color-5)","background-image":"","background-repeat":"repeat","background-position":"center center","background-size":"auto","background-attachment":"scroll","background-type":"","background-media":"","overlay-type":"","overlay-color":"","overlay-opacity":"","overlay-gradient":""},"tablet":{"background-color":"var(--ast-global-color-5)","background-image":"","background-repeat":"repeat","background-position":"center center","background-size":"auto","background-attachment":"scroll","background-type":"","background-media":"","overlay-type":"","overlay-color":"","overlay-opacity":"","overlay-gradient":""},"mobile":{"background-color":"var(--ast-global-color-5)","background-image":"","background-repeat":"repeat","background-position":"center center","background-size":"auto","background-attachment":"scroll","background-type":"","background-media":"","overlay-type":"","overlay-color":"","overlay-opacity":"","overlay-gradient":""}}},"product_brand":[],"product_cat":[76],"product_tag":[70,72,73,78,71],"class_list":{"0":"post-1492","1":"product","2":"type-product","3":"status-publish","4":"has-post-thumbnail","6":"product_cat-velas-aromaticas","7":"product_tag-aromaticas","8":"product_tag-aromatizador","9":"product_tag-aromatizadores","10":"product_tag-velas-aromaticas","11":"product_tag-velasdecorativas","12":"product_shipping_class-pacote-fragil","13":"desktop-align-left","14":"tablet-align-left","15":"mobile-align-left","17":"first","18":"instock","19":"featured","20":"shipping-taxable","21":"purchasable","22":"product-type-variable","23":"has-default-attributes"},"jetpack_sharing_enabled":true,"_links":{"self":[{"href":"https:\/\/ahtdecor.net.br\/index.php\/wp-json\/wp\/v2\/product\/1492","targetHints":{"allow":["GET"]}}],"collection":[{"href":"https:\/\/ahtdecor.net.br\/index.php\/wp-json\/wp\/v2\/product"}],"about":[{"href":"https:\/\/ahtdecor.net.br\/index.php\/wp-json\/wp\/v2\/types\/product"}],"replies":[{"embeddable":true,"href":"https:\/\/ahtdecor.net.br\/index.php\/wp-json\/wp\/v2\/comments?post=1492"}],"version-history":[{"count":7,"href":"https:\/\/ahtdecor.net.br\/index.php\/wp-json\/wp\/v2\/product\/1492\/revisions"}],"predecessor-version":[{"id":1690,"href":"https:\/\/ahtdecor.net.br\/index.php\/wp-json\/wp\/v2\/product\/1492\/revisions\/1690"}],"wp:featuredmedia":[{"embeddable":true,"href":"https:\/\/ahtdecor.net.br\/index.php\/wp-json\/wp\/v2\/media\/1507"}],"wp:attachment":[{"href":"https:\/\/ahtdecor.net.br\/index.php\/wp-json\/wp\/v2\/media?parent=1492"}],"wp:term":[{"taxonomy":"product_brand","embeddable":true,"href":"https:\/\/ahtdecor.net.br\/index.php\/wp-json\/wp\/v2\/product_brand?post=1492"},{"taxonomy":"product_cat","embeddable":true,"href":"https:\/\/ahtdecor.net.br\/index.php\/wp-json\/wp\/v2\/product_cat?post=1492"},{"taxonomy":"product_tag","embeddable":true,"href":"https:\/\/ahtdecor.net.br\/index.php\/wp-json\/wp\/v2\/product_tag?post=1492"}],"curies":[{"name":"wp","href":"https:\/\/api.w.org\/{rel}","templated":true}]}}