{"id":1562,"date":"2025-04-16T21:49:30","date_gmt":"2025-04-17T00:49:30","guid":{"rendered":"https:\/\/ahtdecor.net.br\/?post_type=product&#038;p=1562"},"modified":"2025-04-23T10:12:27","modified_gmt":"2025-04-23T13:12:27","slug":"vela-aromatica-100g-essencias-lavandim-cravo-e-canela-magia-oil","status":"publish","type":"product","link":"https:\/\/ahtdecor.net.br\/index.php\/product\/vela-aromatica-100g-essencias-lavandim-cravo-e-canela-magia-oil\/","title":{"rendered":"Vela Arom\u00e1tica &#8211; 100g &#8211; Ess\u00eancias: Lavandim, Cravo e Canela, Magia Oil"},"content":{"rendered":"<p><strong>Vela Arom\u00e1tica <span style=\"font-size: 16px;\">100 Gramas<\/span><span style=\"font-size: 16px;\">:<\/span><\/strong><\/p>\n<p><span data-huuid=\"11395925820978714386\"><mark class=\"QVRyCf\">Serve para perfumar o ambiente, criar um clima aconchegante e relaxante, e tamb\u00e9m pode ter um efeito terap\u00eautico atrav\u00e9s da aromaterapia<\/mark>.\u00a0<\/span><span data-huuid=\"11395925820978716355\">Al\u00e9m disso, ela pode ser utilizada como um elemento decorativo, adicionando beleza e sofistica\u00e7\u00e3o aos espa\u00e7os.<span class=\"pjBG2e\" data-cid=\"541475a2-8759-460d-9c4b-3bc50dc25b58\"><span class=\"UV3uM\">\u00a0<\/span><\/span><\/span><\/p>\n<p>Feita com cera de coco, ess\u00eancia lipossol\u00favel e pavio de madeira.<\/p>\n<p>Ess\u00eancias:<\/p>\n<p>Lavandim: tranquilizante e relaxante, esse aroma \u00e9 muito caracter\u00edstico da planta, com algumas notas florais e bals\u00e2micas para encorpar a fragr\u00e2ncia e deixar sua casa ainda mais cheirosa.<\/p>\n<p>Cravo e Canela: \u00e9 uma combina\u00e7\u00e3o cl\u00e1ssica e envolvente, que traz uma sensa\u00e7\u00e3o de calor e aconchego. Imagine o perfume picante e ligeiramente adocicado do cravo misturado com o aroma quente e amadeirado da canela.<\/p>\n<p>Magia Oil: possui um aroma\u00a0refrescante. As\u00a0notas florais\u00a0se unem ao fundo\u00a0amadeirado\u00a0para formar essa fragr\u00e2ncia que proporciona uma sensa\u00e7\u00e3o de\u00a0conforto e bem estar.<\/p>\n<p>Por ser feita com cera de coco e sendo um produto artesanal, pode sofrer altera\u00e7\u00e3o de cor e apresentar pequenas retra\u00e7\u00f5es ou estrias.<\/p>\n<p>Recipiente vidro (long neck):<\/p>\n<p>Objetivo: Reduzir o impacto ambiental aumentando a reciclabilidade e reutiliza\u00e7\u00e3o das garrafas long neck.<\/p>\n<p>Medidas aproximadas:<\/p>\n<p>Largura: 7 cm<br \/>\nAltura: 12 cm<br \/>\nDi\u00e2metro: 7 cm<\/p>\n<p>Dura\u00e7\u00e3o da vela: aproximadamente 30 horas de queima.<\/p>\n<p>Aroma: A fragr\u00e2ncia suave do ch\u00e1 branco pode ter propriedades relaxantes, ajudando a criar uma atmosfera tranquila e calma no ambiente e pode contribuir para a redu\u00e7\u00e3o do estresse e da ansiedade.<\/p>\n<p><strong>Cuidados com a Vela:<\/strong><\/p>\n<p>Acenda sua vela em uma superf\u00edcie r\u00edgida e plana.<\/p>\n<p>N\u00e3o mantenha sua vela acesa por mais de 3 horas seguidas.<\/p>\n<p>N\u00e3o deixe sua vela acesa quando se ausentar do ambiente por mais de 2 horas.<\/p>\n<p>Ao acender sua vela, deixe-a queimar por no m\u00ednimo 30 minutos at\u00e9 que forme uma &#8221;piscina&#8221; em sua borda, isso far\u00e1 com que seu aroma seja liberado mis intensamente.<\/p>\n<p><strong>Aten\u00e7\u00e3o<\/strong>:<\/p>\n<p>N\u00e3o queime sua vela sem supervis\u00e3o de um adulto ou perto de cortinas, crian\u00e7as e animal de estima\u00e7\u00e3o. N\u00e3o toque na cera ou no recipiente enquanto estiver acesa.<\/p>\n<p>Mantenha fora do alcance da luz solar. Descarte quando restar 5mm de cera no recipiente.<\/p>\n<p><strong>Obs: N\u00e3o acompanha a decora\u00e7\u00e3o (Cen\u00e1rio).<\/strong><\/p>\n","protected":false},"excerpt":{"rendered":"<p>Produto artesanal feito com muito amor e carinho especialmente para voc\u00ea!<\/p>\n","protected":false},"featured_media":1568,"comment_status":"open","ping_status":"closed","template":"","meta":{"site-sidebar-layout":"default","site-content-layout":"default","ast-site-content-layout":"default","site-content-style":"default","site-sidebar-style":"default","ast-global-header-display":"","ast-banner-title-visibility":"","ast-main-header-display":"","ast-hfb-above-header-display":"","ast-hfb-below-header-display":"","ast-hfb-mobile-header-display":"","site-post-title":"","ast-breadcrumbs-content":"","ast-featured-img":"","footer-sml-layout":"","theme-transparent-header-meta":"default","adv-header-id-meta":"","stick-header-meta":"","header-above-stick-meta":"","header-main-stick-meta":"","header-below-stick-meta":"","astra-migrate-meta-layouts":"set","ast-page-background-enabled":"default","ast-page-background-meta":{"desktop":{"background-color":"var(--ast-global-color-4)","background-image":"","background-repeat":"repeat","background-position":"center center","background-size":"auto","background-attachment":"scroll","background-type":"","background-media":"","overlay-type":"","overlay-color":"","overlay-opacity":"","overlay-gradient":""},"tablet":{"background-color":"","background-image":"","background-repeat":"repeat","background-position":"center center","background-size":"auto","background-attachment":"scroll","background-type":"","background-media":"","overlay-type":"","overlay-color":"","overlay-opacity":"","overlay-gradient":""},"mobile":{"background-color":"","background-image":"","background-repeat":"repeat","background-position":"center center","background-size":"auto","background-attachment":"scroll","background-type":"","background-media":"","overlay-type":"","overlay-color":"","overlay-opacity":"","overlay-gradient":""}},"ast-content-background-meta":{"desktop":{"background-color":"var(--ast-global-color-5)","background-image":"","background-repeat":"repeat","background-position":"center center","background-size":"auto","background-attachment":"scroll","background-type":"","background-media":"","overlay-type":"","overlay-color":"","overlay-opacity":"","overlay-gradient":""},"tablet":{"background-color":"var(--ast-global-color-5)","background-image":"","background-repeat":"repeat","background-position":"center center","background-size":"auto","background-attachment":"scroll","background-type":"","background-media":"","overlay-type":"","overlay-color":"","overlay-opacity":"","overlay-gradient":""},"mobile":{"background-color":"var(--ast-global-color-5)","background-image":"","background-repeat":"repeat","background-position":"center center","background-size":"auto","background-attachment":"scroll","background-type":"","background-media":"","overlay-type":"","overlay-color":"","overlay-opacity":"","overlay-gradient":""}}},"product_brand":[],"product_cat":[76],"product_tag":[70,72,73,78,71],"class_list":{"0":"post-1562","1":"product","2":"type-product","3":"status-publish","4":"has-post-thumbnail","6":"product_cat-velas-aromaticas","7":"product_tag-aromaticas","8":"product_tag-aromatizador","9":"product_tag-aromatizadores","10":"product_tag-velas-aromaticas","11":"product_tag-velasdecorativas","12":"product_shipping_class-pacote-fragil","13":"desktop-align-left","14":"tablet-align-left","15":"mobile-align-left","17":"first","18":"instock","19":"featured","20":"shipping-taxable","21":"purchasable","22":"product-type-variable"},"jetpack_sharing_enabled":true,"_links":{"self":[{"href":"https:\/\/ahtdecor.net.br\/index.php\/wp-json\/wp\/v2\/product\/1562","targetHints":{"allow":["GET"]}}],"collection":[{"href":"https:\/\/ahtdecor.net.br\/index.php\/wp-json\/wp\/v2\/product"}],"about":[{"href":"https:\/\/ahtdecor.net.br\/index.php\/wp-json\/wp\/v2\/types\/product"}],"replies":[{"embeddable":true,"href":"https:\/\/ahtdecor.net.br\/index.php\/wp-json\/wp\/v2\/comments?post=1562"}],"version-history":[{"count":6,"href":"https:\/\/ahtdecor.net.br\/index.php\/wp-json\/wp\/v2\/product\/1562\/revisions"}],"predecessor-version":[{"id":1688,"href":"https:\/\/ahtdecor.net.br\/index.php\/wp-json\/wp\/v2\/product\/1562\/revisions\/1688"}],"wp:featuredmedia":[{"embeddable":true,"href":"https:\/\/ahtdecor.net.br\/index.php\/wp-json\/wp\/v2\/media\/1568"}],"wp:attachment":[{"href":"https:\/\/ahtdecor.net.br\/index.php\/wp-json\/wp\/v2\/media?parent=1562"}],"wp:term":[{"taxonomy":"product_brand","embeddable":true,"href":"https:\/\/ahtdecor.net.br\/index.php\/wp-json\/wp\/v2\/product_brand?post=1562"},{"taxonomy":"product_cat","embeddable":true,"href":"https:\/\/ahtdecor.net.br\/index.php\/wp-json\/wp\/v2\/product_cat?post=1562"},{"taxonomy":"product_tag","embeddable":true,"href":"https:\/\/ahtdecor.net.br\/index.php\/wp-json\/wp\/v2\/product_tag?post=1562"}],"curies":[{"name":"wp","href":"https:\/\/api.w.org\/{rel}","templated":true}]}}