{"id":1574,"date":"2025-04-17T08:21:40","date_gmt":"2025-04-17T11:21:40","guid":{"rendered":"https:\/\/ahtdecor.net.br\/?post_type=product&#038;p=1574"},"modified":"2025-04-23T10:05:29","modified_gmt":"2025-04-23T13:05:29","slug":"body-splash-200ml-essencias-camomila-e-lavanda-flor-de-algodao-e-macadamia","status":"publish","type":"product","link":"https:\/\/ahtdecor.net.br\/index.php\/product\/body-splash-200ml-essencias-camomila-e-lavanda-flor-de-algodao-e-macadamia\/","title":{"rendered":"Body Splash &#8211; 200ml &#8211; Ess\u00eancias: Camomila e Lavanda, Flor de Algod\u00e3o e Macad\u00e2mia"},"content":{"rendered":"<p><span style=\"font-size: 16px;\">Body Splash 200ml:<\/span><\/p>\n<p>Para que serve o Body Splash:<\/p>\n<p>\u00c9 um produto vers\u00e1til e refrescante que perfuma a pele de maneira leve e delicada. Ele \u00e9 especialmente formulado para oferecer uma sensa\u00e7\u00e3o de frescor com fragr\u00e2ncia suave no seu dia a dia.<\/p>\n<p>Composi\u00e7\u00e3o: elaborado com \u00e1lcool de cereais, ess\u00eancia hidrossol\u00favel e corante para cosm\u00e9ticos artesanais.<\/p>\n<p>Como usar Body Splash:<\/p>\n<p>Mantenha uma dist\u00e2ncia adequada: na hora de aplicar, mantenha o frasco a uma dist\u00e2ncia de aproximadamente 15 a 20 cent\u00edmetros da pele antes de borrifar. Isso ajuda a distribuir a fragr\u00e2ncia de maneira uniforme. Aplique diretamente sobre a pele. Voc\u00ea pode aplicar em regi\u00f5es mais espec\u00edficas como: base do pesco\u00e7o, cotovelos e punhos.<\/p>\n<p><strong>N\u00e3o aplique no rosto:\u00a0evite aplicar o produto no rosto, pois a pele dessa regi\u00e3o \u00e9 mais sens\u00edvel.<\/strong><\/p>\n<p>Ess\u00eancias:<\/p>\n<p>Camomila e Lavanda: fragr\u00e2ncia aconchegante e surpreendente com notas florais arom\u00e1ticas.<\/p>\n<p>Flor de Algod\u00e3o: possui um toque intenso floral c\u00edtrico que transmite frescor e energia.<\/p>\n<p>Flor de Macad\u00e2mia: apresenta um aroma c\u00edtrico floral com um toque nas notas de fundo amadeiradas, Tem um aroma marcante e aut\u00eantico, levemente doce.<\/p>\n<p>Recipiente:\u00a0 Pet Cristal 200 ml\u00a0 e v\u00e1lvula spray para perfumes.<\/p>\n<p>Medidas aproximadas:<\/p>\n<p>Largura: 5.5 cm<br \/>\nAltura: 15 cm<br \/>\nDi\u00e2metro: 5.5 cm<\/p>\n<p><strong>Obs: N\u00e3o acompanha a decora\u00e7\u00e3o (Cen\u00e1rio).<\/strong><\/p>\n","protected":false},"excerpt":{"rendered":"<p>Produto artesanal feito com muito amor e carinho especialmente para voc\u00ea!<\/p>\n","protected":false},"featured_media":1578,"comment_status":"open","ping_status":"closed","template":"","meta":{"site-sidebar-layout":"default","site-content-layout":"default","ast-site-content-layout":"default","site-content-style":"default","site-sidebar-style":"default","ast-global-header-display":"","ast-banner-title-visibility":"","ast-main-header-display":"","ast-hfb-above-header-display":"","ast-hfb-below-header-display":"","ast-hfb-mobile-header-display":"","site-post-title":"","ast-breadcrumbs-content":"","ast-featured-img":"","footer-sml-layout":"","theme-transparent-header-meta":"default","adv-header-id-meta":"","stick-header-meta":"","header-above-stick-meta":"","header-main-stick-meta":"","header-below-stick-meta":"","astra-migrate-meta-layouts":"set","ast-page-background-enabled":"default","ast-page-background-meta":{"desktop":{"background-color":"var(--ast-global-color-4)","background-image":"","background-repeat":"repeat","background-position":"center center","background-size":"auto","background-attachment":"scroll","background-type":"","background-media":"","overlay-type":"","overlay-color":"","overlay-opacity":"","overlay-gradient":""},"tablet":{"background-color":"","background-image":"","background-repeat":"repeat","background-position":"center center","background-size":"auto","background-attachment":"scroll","background-type":"","background-media":"","overlay-type":"","overlay-color":"","overlay-opacity":"","overlay-gradient":""},"mobile":{"background-color":"","background-image":"","background-repeat":"repeat","background-position":"center center","background-size":"auto","background-attachment":"scroll","background-type":"","background-media":"","overlay-type":"","overlay-color":"","overlay-opacity":"","overlay-gradient":""}},"ast-content-background-meta":{"desktop":{"background-color":"var(--ast-global-color-5)","background-image":"","background-repeat":"repeat","background-position":"center center","background-size":"auto","background-attachment":"scroll","background-type":"","background-media":"","overlay-type":"","overlay-color":"","overlay-opacity":"","overlay-gradient":""},"tablet":{"background-color":"var(--ast-global-color-5)","background-image":"","background-repeat":"repeat","background-position":"center center","background-size":"auto","background-attachment":"scroll","background-type":"","background-media":"","overlay-type":"","overlay-color":"","overlay-opacity":"","overlay-gradient":""},"mobile":{"background-color":"var(--ast-global-color-5)","background-image":"","background-repeat":"repeat","background-position":"center center","background-size":"auto","background-attachment":"scroll","background-type":"","background-media":"","overlay-type":"","overlay-color":"","overlay-opacity":"","overlay-gradient":""}}},"product_brand":[],"product_cat":[82],"product_tag":[70,72,73,78,71],"class_list":{"0":"post-1574","1":"product","2":"type-product","3":"status-publish","4":"has-post-thumbnail","6":"product_cat-body-splash","7":"product_tag-aromaticas","8":"product_tag-aromatizador","9":"product_tag-aromatizadores","10":"product_tag-velas-aromaticas","11":"product_tag-velasdecorativas","12":"product_shipping_class-pacote-fragil","13":"desktop-align-left","14":"tablet-align-left","15":"mobile-align-left","17":"first","18":"instock","19":"featured","20":"shipping-taxable","21":"purchasable","22":"product-type-variable"},"jetpack_sharing_enabled":true,"_links":{"self":[{"href":"https:\/\/ahtdecor.net.br\/index.php\/wp-json\/wp\/v2\/product\/1574","targetHints":{"allow":["GET"]}}],"collection":[{"href":"https:\/\/ahtdecor.net.br\/index.php\/wp-json\/wp\/v2\/product"}],"about":[{"href":"https:\/\/ahtdecor.net.br\/index.php\/wp-json\/wp\/v2\/types\/product"}],"replies":[{"embeddable":true,"href":"https:\/\/ahtdecor.net.br\/index.php\/wp-json\/wp\/v2\/comments?post=1574"}],"version-history":[{"count":3,"href":"https:\/\/ahtdecor.net.br\/index.php\/wp-json\/wp\/v2\/product\/1574\/revisions"}],"predecessor-version":[{"id":1586,"href":"https:\/\/ahtdecor.net.br\/index.php\/wp-json\/wp\/v2\/product\/1574\/revisions\/1586"}],"wp:featuredmedia":[{"embeddable":true,"href":"https:\/\/ahtdecor.net.br\/index.php\/wp-json\/wp\/v2\/media\/1578"}],"wp:attachment":[{"href":"https:\/\/ahtdecor.net.br\/index.php\/wp-json\/wp\/v2\/media?parent=1574"}],"wp:term":[{"taxonomy":"product_brand","embeddable":true,"href":"https:\/\/ahtdecor.net.br\/index.php\/wp-json\/wp\/v2\/product_brand?post=1574"},{"taxonomy":"product_cat","embeddable":true,"href":"https:\/\/ahtdecor.net.br\/index.php\/wp-json\/wp\/v2\/product_cat?post=1574"},{"taxonomy":"product_tag","embeddable":true,"href":"https:\/\/ahtdecor.net.br\/index.php\/wp-json\/wp\/v2\/product_tag?post=1574"}],"curies":[{"name":"wp","href":"https:\/\/api.w.org\/{rel}","templated":true}]}}