{"id":1608,"date":"2025-04-17T21:49:30","date_gmt":"2025-04-18T00:49:30","guid":{"rendered":"https:\/\/ahtdecor.net.br\/?post_type=product&#038;p=1608"},"modified":"2025-04-23T10:04:10","modified_gmt":"2025-04-23T13:04:10","slug":"difusor-de-aroma-200ml-essencias-lima-da-persia-cha-branco-bamboo-mm-daslu-madeira-do-oriente","status":"publish","type":"product","link":"https:\/\/ahtdecor.net.br\/index.php\/product\/difusor-de-aroma-200ml-essencias-lima-da-persia-cha-branco-bamboo-mm-daslu-madeira-do-oriente\/","title":{"rendered":"Difusor de Aroma &#8211; 200ml &#8211; Ess\u00eancias: Lima da P\u00e9rsia, Ch\u00e1 Branco, Bamboo MM, Daslu, Madeira do Oriente"},"content":{"rendered":"<p><span style=\"font-size: 16px;\">Difusor de Aroma 200ml:<\/span><\/p>\n<p>Para que serve:<\/p>\n<p><span data-huuid=\"5528143510387701232\">Um difusor de aromas, tamb\u00e9m conhecido como aromatizador de ambiente,\u00a0<mark class=\"QVRyCf\">serve para perfumar ambientes<\/mark>.\u00a0<\/span><span data-huuid=\"5528143510387701613\">Ele pode ser usado para criar um ambiente agrad\u00e1vel, despertar emo\u00e7\u00f5es, e at\u00e9 mesmo proporcionar benef\u00edcios da aromaterapia.<span class=\"pjBG2e\" data-cid=\"485fd4cd-7e13-476c-9860-cea9862990d5\"><span class=\"UV3uM\">\u00a0<\/span><\/span><\/span><\/p>\n<p>Composi\u00e7\u00e3o: elaborado com \u00e1lcool de cereais, ess\u00eancia hidrossol\u00favel e corante para cosm\u00e9ticos artesanais.<\/p>\n<div class=\"WaaZC\">\n<div class=\"rPeykc uP58nb MNX06c\" data-hveid=\"CHkQAQ\" data-ved=\"2ahUKEwjQ3--Ar-CMAxVIL7kGHdKLMXIQo_EKegQIeRAB\"><span data-huuid=\"5528143510387702184\">Onde e como Usar: <\/span><\/div>\n<div data-hveid=\"CHkQAQ\" data-ved=\"2ahUKEwjQ3--Ar-CMAxVIL7kGHdKLMXIQo_EKegQIeRAB\"><\/div>\n<div class=\"rPeykc uP58nb MNX06c\" data-hveid=\"CHkQAQ\" data-ved=\"2ahUKEwjQ3--Ar-CMAxVIL7kGHdKLMXIQo_EKegQIeRAB\"><span data-huuid=\"5528143510387702184\">Os difusores de aromas podem ser usados em casa ou no escrit\u00f3rio. <\/span><span data-huuid=\"5528143510387702565\">Eles podem ajudar a:<span class=\"pjBG2e\" data-cid=\"a4df0a16-c5f0-4aae-8c3a-e9a4bbbe997b\"><span class=\"UV3uM\"> r<\/span><\/span><\/span><span style=\"font-size: 16px;\">elaxar, a<\/span><span style=\"font-size: 16px;\">liviar o estresse, m<\/span><span style=\"font-size: 16px;\">elhorar o sono<\/span><\/div>\n<\/div>\n<div class=\"WaaZC\">\n<div id=\"Y6IBaJCiI8je5OUP0pfGkQc__75\" class=\"bsmXxe\">\n<div id=\"Y6IBaJCiI8je5OUP0pfGkQc__90\" class=\"bsmXxe\">\n<p><span data-huuid=\"5528143510387701898\">,controlar a ansiedade, e<\/span><span style=\"font-size: 16px;\">stimular os sentidos, d<\/span><span style=\"font-size: 16px;\">espertar emo\u00e7\u00f5es, m<\/span><span style=\"font-size: 16px;\">udar o astral do ambiente<\/span><\/p>\n<p>Para garantir a durabilidade e efic\u00e1cia do seu difusor de aroma, \u00e9 importante tomar alguns cuidados, como\u00a0<mark class=\"QVRyCf\">evitar a exposi\u00e7\u00e3o \u00e0 luz solar e calor, n\u00e3o o colocar em lugares com forte corrente de ar.<\/mark><\/p>\n<p>Gire as varetas periodicamente, para que absorvam mais l\u00edquido e efetuem a difus\u00e3o do aroma de forma mais uniforme.<\/p>\n<\/div>\n<\/div>\n<div class=\"Gur8Ad\">Posicionamento:<\/div>\n<div><\/div>\n<div class=\"vM0jzc\">\n<p><span data-huuid=\"17648018860658935311\">Evite locais com forte corrente de ar, como perto de janelas e portas, pois o aroma se dispersar\u00e1 mais rapidamente. <\/span><\/p>\n<p><span style=\"font-size: 16px;\">N\u00e3o o coloque em \u00e1reas com fontes de calor ou exposi\u00e7\u00e3o direta ao sol, pois pode degradar o aroma e a qualidade do produto.<\/span><span class=\"pjBG2e\" style=\"font-size: 16px;\" data-cid=\"4a1c2b48-2eda-4fd1-8cec-fa062a2eb9eb\"><span class=\"UV3uM\">\u00a0<\/span><\/span><\/p>\n<div class=\"NPrrbc\" data-cid=\"4a1c2b48-2eda-4fd1-8cec-fa062a2eb9eb\" data-uuids=\"17648018860658935897\">\n<div class=\"BMebGe btku5b fCrZyc LwdV0e FR7ZSc OJeuxf\" tabindex=\"0\" role=\"button\" aria-label=\"Mostrar links relacionados\" data-hveid=\"CB0QAQ\" data-ved=\"2ahUKEwjy4LGtsOCMAxV8rJUCHdOgFX0Q3fYKegQIHRAB\">\n<div class=\"niO4u\">\n<div class=\"kHtcsd\"><span style=\"font-size: 16px;\">Idealmente, o difusor deve estar em uma altura ou ligeiramente abaixo do nariz para que o aroma seja mais percet\u00edvel.<\/span><\/div>\n<\/div>\n<div><\/div>\n<\/div>\n<\/div>\n<\/div>\n<\/div>\n<p>Ess\u00eancias:<\/p>\n<p>Lima da P\u00e9rsia: perfume c\u00edtrico frutado que revigora, anima e traz bem estar. Perfeita para trazer leveza com requinte ao ambiente.<\/p>\n<p>Ch\u00e1 Branco: suave com tons florais levemente frutadas, conduz ao bem estar, tranquilidade e paz interior.<\/p>\n<p>Bamboo MM: \u00e9 uma fragr\u00e2ncia floral arom\u00e1tica que exala frescor e sofistica\u00e7\u00e3o, proporcionando uma experi\u00eancia olfativa envolvente e equilibrada. Com sua combina\u00e7\u00e3o delicada de notas florais e amadeiradas, essa ess\u00eancia \u00e9 perfeita para criar ambientes que irradiam tranquilidade e charme.<\/p>\n<p>Daslu: A ess\u00eancia tem notas orientais, baunilha, c\u00edtricas e ambaradas. \u00c9 adocicada, acolhedora e elegante, pode ser usada em v\u00e1rios tipos de ambientes, como salas, quartos, lojas, escrit\u00f3rios.<\/p>\n<p>Madeira do Oriente: \u00e9\u00a0relaxante e energizante, eleva \u00e0s boas vibra\u00e7\u00f5es. Seu calor traz amor e harmonia ao ambiente.<\/p>\n<p>&nbsp;<\/p>\n<p>Recipiente:\u00a0 Pet Cristal 200 ml\u00a0 e tampa.<\/p>\n<p>Medidas aproximadas:<\/p>\n<p>Largura: 5.5 cm<br \/>\nAltura: 14 cm<br \/>\nDi\u00e2metro: 5.5 cm<\/p>\n<p>Varetas: 25 cm fibra de algod\u00e3o.<\/p>\n<p><strong>Obs: N\u00e3o acompanha a decora\u00e7\u00e3o (Cen\u00e1rio).<\/strong><\/p>\n","protected":false},"excerpt":{"rendered":"<p>Produto artesanal feito com muito amor e carinho especialmente para voc\u00ea!<\/p>\n","protected":false},"featured_media":1621,"comment_status":"open","ping_status":"closed","template":"","meta":{"site-sidebar-layout":"default","site-content-layout":"default","ast-site-content-layout":"default","site-content-style":"default","site-sidebar-style":"default","ast-global-header-display":"","ast-banner-title-visibility":"","ast-main-header-display":"","ast-hfb-above-header-display":"","ast-hfb-below-header-display":"","ast-hfb-mobile-header-display":"","site-post-title":"","ast-breadcrumbs-content":"","ast-featured-img":"","footer-sml-layout":"","theme-transparent-header-meta":"default","adv-header-id-meta":"","stick-header-meta":"","header-above-stick-meta":"","header-main-stick-meta":"","header-below-stick-meta":"","astra-migrate-meta-layouts":"set","ast-page-background-enabled":"default","ast-page-background-meta":{"desktop":{"background-color":"var(--ast-global-color-4)","background-image":"","background-repeat":"repeat","background-position":"center center","background-size":"auto","background-attachment":"scroll","background-type":"","background-media":"","overlay-type":"","overlay-color":"","overlay-opacity":"","overlay-gradient":""},"tablet":{"background-color":"","background-image":"","background-repeat":"repeat","background-position":"center center","background-size":"auto","background-attachment":"scroll","background-type":"","background-media":"","overlay-type":"","overlay-color":"","overlay-opacity":"","overlay-gradient":""},"mobile":{"background-color":"","background-image":"","background-repeat":"repeat","background-position":"center center","background-size":"auto","background-attachment":"scroll","background-type":"","background-media":"","overlay-type":"","overlay-color":"","overlay-opacity":"","overlay-gradient":""}},"ast-content-background-meta":{"desktop":{"background-color":"var(--ast-global-color-5)","background-image":"","background-repeat":"repeat","background-position":"center center","background-size":"auto","background-attachment":"scroll","background-type":"","background-media":"","overlay-type":"","overlay-color":"","overlay-opacity":"","overlay-gradient":""},"tablet":{"background-color":"var(--ast-global-color-5)","background-image":"","background-repeat":"repeat","background-position":"center center","background-size":"auto","background-attachment":"scroll","background-type":"","background-media":"","overlay-type":"","overlay-color":"","overlay-opacity":"","overlay-gradient":""},"mobile":{"background-color":"var(--ast-global-color-5)","background-image":"","background-repeat":"repeat","background-position":"center center","background-size":"auto","background-attachment":"scroll","background-type":"","background-media":"","overlay-type":"","overlay-color":"","overlay-opacity":"","overlay-gradient":""}}},"product_brand":[],"product_cat":[74],"product_tag":[83,84],"class_list":{"0":"post-1608","1":"product","2":"type-product","3":"status-publish","4":"has-post-thumbnail","6":"product_cat-difusores-de-aroma","7":"product_tag-body-splash","8":"product_tag-difusor-de-aroma-aromatizador","9":"product_shipping_class-pacote-fragil","10":"desktop-align-left","11":"tablet-align-left","12":"mobile-align-left","14":"first","15":"instock","16":"featured","17":"shipping-taxable","18":"purchasable","19":"product-type-variable"},"jetpack_sharing_enabled":true,"_links":{"self":[{"href":"https:\/\/ahtdecor.net.br\/index.php\/wp-json\/wp\/v2\/product\/1608","targetHints":{"allow":["GET"]}}],"collection":[{"href":"https:\/\/ahtdecor.net.br\/index.php\/wp-json\/wp\/v2\/product"}],"about":[{"href":"https:\/\/ahtdecor.net.br\/index.php\/wp-json\/wp\/v2\/types\/product"}],"replies":[{"embeddable":true,"href":"https:\/\/ahtdecor.net.br\/index.php\/wp-json\/wp\/v2\/comments?post=1608"}],"version-history":[{"count":4,"href":"https:\/\/ahtdecor.net.br\/index.php\/wp-json\/wp\/v2\/product\/1608\/revisions"}],"predecessor-version":[{"id":1629,"href":"https:\/\/ahtdecor.net.br\/index.php\/wp-json\/wp\/v2\/product\/1608\/revisions\/1629"}],"wp:featuredmedia":[{"embeddable":true,"href":"https:\/\/ahtdecor.net.br\/index.php\/wp-json\/wp\/v2\/media\/1621"}],"wp:attachment":[{"href":"https:\/\/ahtdecor.net.br\/index.php\/wp-json\/wp\/v2\/media?parent=1608"}],"wp:term":[{"taxonomy":"product_brand","embeddable":true,"href":"https:\/\/ahtdecor.net.br\/index.php\/wp-json\/wp\/v2\/product_brand?post=1608"},{"taxonomy":"product_cat","embeddable":true,"href":"https:\/\/ahtdecor.net.br\/index.php\/wp-json\/wp\/v2\/product_cat?post=1608"},{"taxonomy":"product_tag","embeddable":true,"href":"https:\/\/ahtdecor.net.br\/index.php\/wp-json\/wp\/v2\/product_tag?post=1608"}],"curies":[{"name":"wp","href":"https:\/\/api.w.org\/{rel}","templated":true}]}}