{"id":1630,"date":"2025-04-18T08:36:31","date_gmt":"2025-04-18T11:36:31","guid":{"rendered":"https:\/\/ahtdecor.net.br\/?post_type=product&#038;p=1630"},"modified":"2025-04-23T10:03:26","modified_gmt":"2025-04-23T13:03:26","slug":"home-spray","status":"publish","type":"product","link":"https:\/\/ahtdecor.net.br\/index.php\/product\/home-spray\/","title":{"rendered":"Home Spray &#8211; 200ml &#8211; Ess\u00eancias: Daslu, Citronela, Bamboo MM, Ch\u00e1 Branco, Blue Ocean"},"content":{"rendered":"<p><span style=\"font-size: 16px;\">Home Spray 200ml:<\/span><\/p>\n<p>Para que serve:\u00a0<span data-huuid=\"17128160551866014309\"><mark class=\"QVRyCf\">perfumar ambientes, seja em casa ou no escrit\u00f3rio, de forma r\u00e1pida e eficaz<\/mark>.\u00a0<\/span><span data-huuid=\"17128160551866013894\">Borrifar o spray no ar algumas vezes por dia deixa qualquer espa\u00e7o cheiroso e agrad\u00e1vel.\u00a0<\/span><span data-huuid=\"17128160551866013479\">Al\u00e9m disso, ele pode ser usado para neutralizar odores desagrad\u00e1veis e criar uma atmosfera mais convidativa e relaxante.<span class=\"pjBG2e\" data-cid=\"5188d899-6acd-4396-b62c-16b55539443d\"><span class=\"UV3uM\">\u00a0<\/span><\/span><\/span><\/p>\n<p>Neutraliza\u00e7\u00e3o de Odores: al\u00e9m de perfumar, o spray pode ser usado para disfar\u00e7ar odores indesejados, como os de cozinha, cigarro ou animais de estima\u00e7\u00e3o.<span class=\"pjBG2e\" data-cid=\"e8c17d76-534b-477e-aef1-03d93cb697f1\"><span class=\"UV3uM\">\u00a0<\/span><\/span><\/p>\n<p>Versatilidade: pode ser usado em diversos ambientes, como salas, quartos, banheiros, escrit\u00f3rios e at\u00e9 mesmo em roupas e tecidos.<span class=\"pjBG2e\" data-cid=\"828cb21c-ed64-4314-9c65-dcdd5db3e169\"><span class=\"UV3uM\">\u00a0<\/span><\/span><\/p>\n<p>Como fazer para durar mais: sem nada para manter o aroma no lugar, voc\u00ea pode perceber que o cheiro dos seus sprays de ambiente desaparece mais r\u00e1pido do que voc\u00ea deseja. Aplicar seu spray de ambiente em tecidos faz com que a fragr\u00e2ncia permane\u00e7a por muito mais tempo.<\/p>\n<p>Composi\u00e7\u00e3o: elaborado com \u00e1lcool de cereais, ess\u00eancia hidrossol\u00favel e corante para cosm\u00e9ticos artesanais.<\/p>\n<p>Ess\u00eancias:<\/p>\n<p>Daslu: A ess\u00eancia tem notas orientais, baunilha, c\u00edtricas e ambaradas. \u00c9 adocicada, acolhedora e elegante, pode ser usada em v\u00e1rios tipos de ambientes, como salas, quartos, lojas, escrit\u00f3rios.<\/p>\n<p>Citronela: possui propriedades calmantes e bactericida do ambiente, seu uso \u00e9 ideal em varandas, \u00e1rea externa, casas no litoral e ambientes fechados pois \u00e9 um \u00f3timo repelente de insetos, inclusive pode afastar o mosquito da dengue.<\/p>\n<p>Bamboo MM: \u00e9 uma fragr\u00e2ncia floral arom\u00e1tica que exala frescor e sofistica\u00e7\u00e3o, proporcionando uma experi\u00eancia olfativa envolvente e equilibrada. Com sua combina\u00e7\u00e3o delicada de notas florais e amadeiradas, essa ess\u00eancia \u00e9 perfeita para criar ambientes que irradiam tranquilidade e charme.<\/p>\n<p>Ch\u00e1 Branco: suave com tons florais levemente frutadas, conduz ao bem estar, tranquilidade e paz interior.<\/p>\n<p>Blue Ocean: aroma surpreendente, fresco e envolvente que remete \u00e0 sensa\u00e7\u00e3o de limpeza, claridade e aconchego com notas marinhas levemente floradas e frutadas. Traz amplitude, grandeza, como mergulhar na imensid\u00e3o do mar e perceber como a natureza \u00e9 grandiosa e que voc\u00ea faz parte dela.<\/p>\n<p>Recipiente:\u00a0 Pet Cristal 200 ml\u00a0 e v\u00e1lvula spray.<\/p>\n<p>Medidas aproximadas:<\/p>\n<p>Largura: 4.5 cm<br \/>\nAltura: 20 cm<br \/>\nDi\u00e2metro: 4.5 cm<\/p>\n<p><strong>Obs: N\u00e3o acompanha a decora\u00e7\u00e3o (Cen\u00e1rio).<\/strong><\/p>\n","protected":false},"excerpt":{"rendered":"<p>Produto artesanal feito com muito amor e carinho especialmente para voc\u00ea!<\/p>\n","protected":false},"featured_media":1639,"comment_status":"open","ping_status":"closed","template":"","meta":{"site-sidebar-layout":"default","site-content-layout":"default","ast-site-content-layout":"default","site-content-style":"default","site-sidebar-style":"default","ast-global-header-display":"","ast-banner-title-visibility":"","ast-main-header-display":"","ast-hfb-above-header-display":"","ast-hfb-below-header-display":"","ast-hfb-mobile-header-display":"","site-post-title":"","ast-breadcrumbs-content":"","ast-featured-img":"","footer-sml-layout":"","theme-transparent-header-meta":"default","adv-header-id-meta":"","stick-header-meta":"","header-above-stick-meta":"","header-main-stick-meta":"","header-below-stick-meta":"","astra-migrate-meta-layouts":"set","ast-page-background-enabled":"default","ast-page-background-meta":{"desktop":{"background-color":"var(--ast-global-color-4)","background-image":"","background-repeat":"repeat","background-position":"center center","background-size":"auto","background-attachment":"scroll","background-type":"","background-media":"","overlay-type":"","overlay-color":"","overlay-opacity":"","overlay-gradient":""},"tablet":{"background-color":"","background-image":"","background-repeat":"repeat","background-position":"center center","background-size":"auto","background-attachment":"scroll","background-type":"","background-media":"","overlay-type":"","overlay-color":"","overlay-opacity":"","overlay-gradient":""},"mobile":{"background-color":"","background-image":"","background-repeat":"repeat","background-position":"center center","background-size":"auto","background-attachment":"scroll","background-type":"","background-media":"","overlay-type":"","overlay-color":"","overlay-opacity":"","overlay-gradient":""}},"ast-content-background-meta":{"desktop":{"background-color":"var(--ast-global-color-5)","background-image":"","background-repeat":"repeat","background-position":"center center","background-size":"auto","background-attachment":"scroll","background-type":"","background-media":"","overlay-type":"","overlay-color":"","overlay-opacity":"","overlay-gradient":""},"tablet":{"background-color":"var(--ast-global-color-5)","background-image":"","background-repeat":"repeat","background-position":"center center","background-size":"auto","background-attachment":"scroll","background-type":"","background-media":"","overlay-type":"","overlay-color":"","overlay-opacity":"","overlay-gradient":""},"mobile":{"background-color":"var(--ast-global-color-5)","background-image":"","background-repeat":"repeat","background-position":"center center","background-size":"auto","background-attachment":"scroll","background-type":"","background-media":"","overlay-type":"","overlay-color":"","overlay-opacity":"","overlay-gradient":""}}},"product_brand":[],"product_cat":[85],"product_tag":[86],"class_list":{"0":"post-1630","1":"product","2":"type-product","3":"status-publish","4":"has-post-thumbnail","6":"product_cat-home-spray","7":"product_tag-home-spray","8":"product_shipping_class-pacote-fragil","9":"desktop-align-left","10":"tablet-align-left","11":"mobile-align-left","13":"first","14":"instock","15":"featured","16":"shipping-taxable","17":"purchasable","18":"product-type-variable"},"jetpack_sharing_enabled":true,"_links":{"self":[{"href":"https:\/\/ahtdecor.net.br\/index.php\/wp-json\/wp\/v2\/product\/1630","targetHints":{"allow":["GET"]}}],"collection":[{"href":"https:\/\/ahtdecor.net.br\/index.php\/wp-json\/wp\/v2\/product"}],"about":[{"href":"https:\/\/ahtdecor.net.br\/index.php\/wp-json\/wp\/v2\/types\/product"}],"replies":[{"embeddable":true,"href":"https:\/\/ahtdecor.net.br\/index.php\/wp-json\/wp\/v2\/comments?post=1630"}],"version-history":[{"count":3,"href":"https:\/\/ahtdecor.net.br\/index.php\/wp-json\/wp\/v2\/product\/1630\/revisions"}],"predecessor-version":[{"id":1638,"href":"https:\/\/ahtdecor.net.br\/index.php\/wp-json\/wp\/v2\/product\/1630\/revisions\/1638"}],"wp:featuredmedia":[{"embeddable":true,"href":"https:\/\/ahtdecor.net.br\/index.php\/wp-json\/wp\/v2\/media\/1639"}],"wp:attachment":[{"href":"https:\/\/ahtdecor.net.br\/index.php\/wp-json\/wp\/v2\/media?parent=1630"}],"wp:term":[{"taxonomy":"product_brand","embeddable":true,"href":"https:\/\/ahtdecor.net.br\/index.php\/wp-json\/wp\/v2\/product_brand?post=1630"},{"taxonomy":"product_cat","embeddable":true,"href":"https:\/\/ahtdecor.net.br\/index.php\/wp-json\/wp\/v2\/product_cat?post=1630"},{"taxonomy":"product_tag","embeddable":true,"href":"https:\/\/ahtdecor.net.br\/index.php\/wp-json\/wp\/v2\/product_tag?post=1630"}],"curies":[{"name":"wp","href":"https:\/\/api.w.org\/{rel}","templated":true}]}}